{"id":7,"date":"2023-01-30T11:30:23","date_gmt":"2023-01-30T10:30:23","guid":{"rendered":"http:\/\/192.168.10.50\/wordpress\/?page_id=7"},"modified":"2023-02-07T18:25:31","modified_gmt":"2023-02-07T17:25:31","slug":"a-propos-de","status":"publish","type":"page","link":"https:\/\/www.image-medical.fr\/index.php\/a-propos-de\/","title":{"rendered":"\u00c0 propos de"},"content":{"rendered":"\n<p>Notre soci\u00e9t\u00e9, sp\u00e9cialis\u00e9e dans les services techniques et de SAV depuis 30 ans, est compos\u00e9e d&rsquo;une \u00e9quipe d&rsquo;experts passionn\u00e9s et d\u00e9vou\u00e9s.<\/p>\n\n\n\n<p>Notre engagement envers la qualit\u00e9 et la satisfaction client est in\u00e9branlable. Nous travaillons sans rel\u00e2che pour garantir que nos services r\u00e9pondent aux plus hautes normes de qualit\u00e9 et que nos clients sont enti\u00e8rement satisfaits.<\/p>\n\n\n\n<p>Nous offrons une large gamme de services, y compris la maintenance, la r\u00e9paration, la mise \u00e0 niveau et la formation pour une vari\u00e9t\u00e9 de produits et de syst\u00e8mes. Nous sommes fiers de fournir des services rapides, efficaces et \u00e9conomiques pour garantir que nos clients peuvent travailler sans interruption.<\/p>\n\n\n\n<p>.Nous sommes l\u00e0 pour vous aider \u00e0 chaque \u00e9tape du processus et nous nous engageons \u00e0 vous fournir des solutions rapides et efficaces.<\/p>\n\n\n\n<p>En r\u00e9sum\u00e9, notre soci\u00e9t\u00e9 est d\u00e9di\u00e9e \u00e0 fournir des services de qualit\u00e9 sup\u00e9rieure \u00e0 tous nos clients. Nous sommes l\u00e0 pour vous aider \u00e0 maintenir votre \u00e9quipement en bon \u00e9tat de marche et pour vous assurer que vous pouvez continuer \u00e0 travailler en toute confiance. Contactez-nous d\u00e8s aujourd&rsquo;hui pour en savoir plus sur nos services.<\/p>\n","protected":false},"excerpt":{"rendered":"<p>Notre soci\u00e9t\u00e9, sp\u00e9cialis\u00e9e dans les services techniques et de SAV depuis 30 ans, est compos\u00e9e d&rsquo;une \u00e9quipe d&rsquo;experts passionn\u00e9s et d\u00e9vou\u00e9s. Notre engagement envers la qualit\u00e9 et la satisfaction client est in\u00e9branlable. Nous travaillons sans rel\u00e2che pour garantir que nos<\/p>\n","protected":false},"author":1,"featured_media":0,"parent":0,"menu_order":0,"comment_status":"closed","ping_status":"closed","template":"","meta":[],"_links":{"self":[{"href":"https:\/\/www.image-medical.fr\/index.php\/wp-json\/wp\/v2\/pages\/7"}],"collection":[{"href":"https:\/\/www.image-medical.fr\/index.php\/wp-json\/wp\/v2\/pages"}],"about":[{"href":"https:\/\/www.image-medical.fr\/index.php\/wp-json\/wp\/v2\/types\/page"}],"author":[{"embeddable":true,"href":"https:\/\/www.image-medical.fr\/index.php\/wp-json\/wp\/v2\/users\/1"}],"replies":[{"embeddable":true,"href":"https:\/\/www.image-medical.fr\/index.php\/wp-json\/wp\/v2\/comments?post=7"}],"version-history":[{"count":4,"href":"https:\/\/www.image-medical.fr\/index.php\/wp-json\/wp\/v2\/pages\/7\/revisions"}],"predecessor-version":[{"id":88,"href":"https:\/\/www.image-medical.fr\/index.php\/wp-json\/wp\/v2\/pages\/7\/revisions\/88"}],"wp:attachment":[{"href":"https:\/\/www.image-medical.fr\/index.php\/wp-json\/wp\/v2\/media?parent=7"}],"curies":[{"name":"wp","href":"https:\/\/api.w.org\/{rel}","templated":true}]}}